{"id":6621,"date":"2019-03-01T10:13:11","date_gmt":"2019-03-01T10:13:11","guid":{"rendered":"http:\/\/www.perezdelaromana.com\/tratamientos-de-belleza-corporal\/"},"modified":"2020-05-04T11:48:08","modified_gmt":"2020-05-04T11:48:08","slug":"beauty-body-treatment","status":"publish","type":"page","link":"https:\/\/www.perezdelaromana.com\/en\/beauty-body-treatment\/","title":{"rendered":"Corporal beauty treatments"},"content":{"rendered":"\t\t<div data-elementor-type=\"wp-post\" data-elementor-id=\"6621\" class=\"elementor elementor-6621 elementor-1815\" data-elementor-post-type=\"page\">\n\t\t\t\t\t\t<section class=\"elementor-section elementor-top-section elementor-element elementor-element-368d45b7 elementor-section-content-middle elementor-reverse-mobile elementor-section-boxed elementor-section-height-default elementor-section-height-default\" data-id=\"368d45b7\" data-element_type=\"section\" data-e-type=\"section\" data-settings=\"{&quot;background_background&quot;:&quot;classic&quot;}\">\n\t\t\t\t\t\t<div class=\"elementor-container elementor-column-gap-wider\">\n\t\t\t\t\t<div class=\"elementor-column elementor-col-50 elementor-top-column elementor-element elementor-element-4d5052cb\" data-id=\"4d5052cb\" data-element_type=\"column\" data-e-type=\"column\">\n\t\t\t<div class=\"elementor-widget-wrap elementor-element-populated\">\n\t\t\t\t\t\t<div class=\"elementor-element elementor-element-20cd6d6f elementor-widget elementor-widget-heading\" data-id=\"20cd6d6f\" data-element_type=\"widget\" data-e-type=\"widget\" data-widget_type=\"heading.default\">\n\t\t\t\t<div class=\"elementor-widget-container\">\n\t\t\t\t\t<h1 class=\"elementor-heading-title elementor-size-xl\">Corporal beauty treatments<\/h1>\t\t\t\t<\/div>\n\t\t\t\t<\/div>\n\t\t\t\t<div class=\"elementor-element elementor-element-c505fc1 elementor-widget elementor-widget-heading\" data-id=\"c505fc1\" data-element_type=\"widget\" data-e-type=\"widget\" data-widget_type=\"heading.default\">\n\t\t\t\t<div class=\"elementor-widget-container\">\n\t\t\t\t\t<h2 class=\"elementor-heading-title elementor-size-large\">Beauty treatments: Improvement in body aesthetics<\/h2>\t\t\t\t<\/div>\n\t\t\t\t<\/div>\n\t\t\t\t<div class=\"elementor-element elementor-element-219084c elementor-align-center elementor-mobile-align-center elementor-widget elementor-widget-global elementor-global-8062 elementor-widget-button\" data-id=\"219084c\" data-element_type=\"widget\" data-e-type=\"widget\" data-widget_type=\"button.default\">\n\t\t\t\t<div class=\"elementor-widget-container\">\n\t\t\t\t\t\t\t\t\t<div class=\"elementor-button-wrapper\">\n\t\t\t\t\t<a class=\"elementor-button elementor-button-link elementor-size-md\" href=\"#elementor-action%3Aaction%3Dpopup%3Aopen%26settings%3DeyJpZCI6ODA1OCwidG9nZ2xlIjpmYWxzZX0%3D\" id=\"solicitar-cita\">\n\t\t\t\t\t\t<span class=\"elementor-button-content-wrapper\">\n\t\t\t\t\t\t<span class=\"elementor-button-icon\">\n\t\t\t\t<i aria-hidden=\"true\" class=\"fas fa-calendar-alt\"><\/i>\t\t\t<\/span>\n\t\t\t\t\t\t\t\t\t<span class=\"elementor-button-text\">Request appointment<\/span>\n\t\t\t\t\t<\/span>\n\t\t\t\t\t<\/a>\n\t\t\t\t<\/div>\n\t\t\t\t\t\t\t\t<\/div>\n\t\t\t\t<\/div>\n\t\t\t\t<div class=\"elementor-element elementor-element-563617a elementor-align-center elementor-mobile-align-center elementor-widget elementor-widget-global elementor-global-10148 elementor-widget-button\" data-id=\"563617a\" data-element_type=\"widget\" data-e-type=\"widget\" data-widget_type=\"button.default\">\n\t\t\t\t<div class=\"elementor-widget-container\">\n\t\t\t\t\t\t\t\t\t<div class=\"elementor-button-wrapper\">\n\t\t\t\t\t<a class=\"elementor-button elementor-button-link elementor-size-md\" href=\"#elementor-action%3Aaction%3Dpopup%3Aopen%26settings%3DeyJpZCI6MTAxMjksInRvZ2dsZSI6ZmFsc2V9\" id=\"solicitar-cita\">\n\t\t\t\t\t\t<span class=\"elementor-button-content-wrapper\">\n\t\t\t\t\t\t<span class=\"elementor-button-icon\">\n\t\t\t\t<i aria-hidden=\"true\" class=\"fas fa-video\"><\/i>\t\t\t<\/span>\n\t\t\t\t\t\t\t\t\t<span class=\"elementor-button-text\">Request a video consultation<\/span>\n\t\t\t\t\t<\/span>\n\t\t\t\t\t<\/a>\n\t\t\t\t<\/div>\n\t\t\t\t\t\t\t\t<\/div>\n\t\t\t\t<\/div>\n\t\t\t\t\t<\/div>\n\t\t<\/div>\n\t\t\t\t<div class=\"elementor-column elementor-col-50 elementor-top-column elementor-element elementor-element-356cecce\" data-id=\"356cecce\" data-element_type=\"column\" data-e-type=\"column\">\n\t\t\t<div class=\"elementor-widget-wrap elementor-element-populated\">\n\t\t\t\t\t\t<div class=\"elementor-element elementor-element-4cc83361 elementor-widget elementor-widget-image\" data-id=\"4cc83361\" data-element_type=\"widget\" data-e-type=\"widget\" data-widget_type=\"image.default\">\n\t\t\t\t<div class=\"elementor-widget-container\">\n\t\t\t\t\t\t\t\t\t\t\t\t\t\t\t<img  title=\"Corporal beauty treatments\" fetchpriority=\"high\" decoding=\"async\" width=\"570\" height=\"400\" src=\"https:\/\/www.perezdelaromana.com\/wp-content\/uploads\/2019\/03\/tratamientos-belleza-corporal.jpg\" class=\"attachment-full size-full wp-image-6622\"  alt=\"Corporal beauty treatments tratamientos-belleza-corporal\"  srcset=\"https:\/\/www.perezdelaromana.com\/wp-content\/uploads\/2019\/03\/tratamientos-belleza-corporal.jpg 570w, https:\/\/www.perezdelaromana.com\/wp-content\/uploads\/2019\/03\/tratamientos-belleza-corporal-300x211.jpg 300w\" sizes=\"(max-width: 570px) 100vw, 570px\" \/>\t\t\t\t\t\t\t\t\t\t\t\t\t\t\t<\/div>\n\t\t\t\t<\/div>\n\t\t\t\t\t<\/div>\n\t\t<\/div>\n\t\t\t\t\t<\/div>\n\t\t<\/section>\n\t\t\t\t<section class=\"elementor-section elementor-top-section elementor-element elementor-element-45d276e elementor-section-boxed elementor-section-height-default elementor-section-height-default\" data-id=\"45d276e\" data-element_type=\"section\" data-e-type=\"section\">\n\t\t\t\t\t\t<div class=\"elementor-container elementor-column-gap-no\">\n\t\t\t\t\t<div class=\"elementor-column elementor-col-100 elementor-top-column elementor-element elementor-element-c777909\" data-id=\"c777909\" data-element_type=\"column\" data-e-type=\"column\">\n\t\t\t<div class=\"elementor-widget-wrap elementor-element-populated\">\n\t\t\t\t\t\t<div class=\"elementor-element elementor-element-643fbf0 elementor-widget elementor-widget-global elementor-global-579 elementor-widget-spacer\" data-id=\"643fbf0\" data-element_type=\"widget\" data-e-type=\"widget\" data-widget_type=\"spacer.default\">\n\t\t\t\t<div class=\"elementor-widget-container\">\n\t\t\t\t\t\t\t<div class=\"elementor-spacer\">\n\t\t\t<div class=\"elementor-spacer-inner\"><\/div>\n\t\t<\/div>\n\t\t\t\t\t\t<\/div>\n\t\t\t\t<\/div>\n\t\t\t\t\t<\/div>\n\t\t<\/div>\n\t\t\t\t\t<\/div>\n\t\t<\/section>\n\t\t\t\t<section class=\"elementor-section elementor-top-section elementor-element elementor-element-bb33672 elementor-section-boxed elementor-section-height-default elementor-section-height-default\" data-id=\"bb33672\" data-element_type=\"section\" data-e-type=\"section\">\n\t\t\t\t\t\t<div class=\"elementor-container elementor-column-gap-default\">\n\t\t\t\t\t<div class=\"elementor-column elementor-col-100 elementor-top-column elementor-element elementor-element-aaf67f9\" data-id=\"aaf67f9\" data-element_type=\"column\" data-e-type=\"column\">\n\t\t\t<div class=\"elementor-widget-wrap elementor-element-populated\">\n\t\t\t\t\t\t<div class=\"elementor-element elementor-element-31ff484 elementor-widget elementor-widget-text-editor\" data-id=\"31ff484\" data-element_type=\"widget\" data-e-type=\"widget\" data-widget_type=\"text-editor.default\">\n\t\t\t\t<div class=\"elementor-widget-container\">\n\t\t\t\t\t\t\t\t\t<h2>BODY PEELING + HYDRATION<\/h2><p>The aim of this treatment is to enable the skin to recover its natural qualities and perform the process of cell renewal, leaving the skin more receptive to subsequent moisturisation treatment.<\/p><p>Natural products such as oils and sludge with polyethylene spheres are used, products<br \/>that are applied by gentle massage to facilitate their penetration.<\/p><h2>CHOCOTHERAPY<\/h2><p>Chocotherapy has energising properties that stimulate endorphins (hormones that cause feelings of well-being and happiness). It also moisturises the skin, fights cellulite and eliminates tension, lethargy, fatigue and all symptoms of stress.<\/p><p>This therapy consists of wrapping the body with a light coating of hot chocolate and allowing it to act on the skin for 20 minutes. Then a massage with cocoa butter &#8211; if you want to moisturise the skin &#8211; and cacao flower oil is advisable if you prefer to firm it up or eliminate stretch marks.<\/p><h2>SEAWEED WRAP<\/h2><p>Marine treatments improve the figure and produce a pleasant feeling of relaxation. The seaweed wrap acts as an anti-cellulite agent and activator of metabolism and cleanses, rehydrates and nourishes the skin, helping eliminate toxins and remodeling the silhouette.<\/p><p>It consists of the application of warm seaweed directly on the skin. Toxins are eliminated through perspiration, stimulating lymphatic circulation and remineralising the body.<\/p><h2>ANTI-CELLULITE AND FIRMING TREATMENTS<\/h2><p>Cellulitis is an accumulation of fatty tissue in certain parts of the body that forms adipose nodules of fat, water and toxins. Flaccidity causes a loss of firmness in the skin.<\/p><p>To combat these two changes, the Instituto Perez de la Romana combines chocolatherapy , seaweed wraps \u00a0and lymphatic drainage treatments.<\/p><p>These are known for their high tolerance and effectiveness. In general, they produce fewer allergies and are suitable for all kinds of skin, without exception.<\/p><h2>MASSAGES<\/h2><h3>Lymphatic drainage<\/h3><p>The purpose of these massages is to stimulate the lymphatic system through gentle pressure applied with the hands. It is a parallel system to the circulatory system, which removes toxins and keeps the immune system in shape, that runs through our body and has a few key points called lymph nodes. At the Instituto Perez de la Romana, we recommend this type of massage for more effective and faster post-operative recovery.<\/p><h3>Deep tissue massages<\/h3><p>These are focused on the contracted area or where there is pain, removing any muscular &#8220;knots&#8221;. For the muscles, Deep tissue massages help restore elasticity and remove signs of tension. In terms of circulation, these massages activate the circulatory system and send oxygen to the tissue. They also provide the recipient with a feeling of relaxation, while also helping remove dead cells.<\/p><h3>Relaxing massages<\/h3><p>The fundamental and obvious benefit is that they relax the patient, tone the nervous system and reduce fatigue. It is a soft and delicate but firm massage movements with a harmonious rhythm and without any jerky movements, pleasant, even when working on spasms and muscle pain.<\/p>\t\t\t\t\t\t\t\t<\/div>\n\t\t\t\t<\/div>\n\t\t\t\t\t<\/div>\n\t\t<\/div>\n\t\t\t\t\t<\/div>\n\t\t<\/section>\n\t\t\t\t<section class=\"elementor-section elementor-top-section elementor-element elementor-element-6211253 elementor-section-boxed elementor-section-height-default elementor-section-height-default\" data-id=\"6211253\" data-element_type=\"section\" data-e-type=\"section\">\n\t\t\t\t\t\t<div class=\"elementor-container elementor-column-gap-no\">\n\t\t\t\t\t<div class=\"elementor-column elementor-col-100 elementor-top-column elementor-element elementor-element-2273e89\" data-id=\"2273e89\" data-element_type=\"column\" data-e-type=\"column\">\n\t\t\t<div class=\"elementor-widget-wrap elementor-element-populated\">\n\t\t\t\t\t\t<div class=\"elementor-element elementor-element-b1fd6be elementor-widget elementor-widget-global elementor-global-378 elementor-widget-spacer\" data-id=\"b1fd6be\" data-element_type=\"widget\" data-e-type=\"widget\" data-widget_type=\"spacer.default\">\n\t\t\t\t<div class=\"elementor-widget-container\">\n\t\t\t\t\t\t\t<div class=\"elementor-spacer\">\n\t\t\t<div class=\"elementor-spacer-inner\"><\/div>\n\t\t<\/div>\n\t\t\t\t\t\t<\/div>\n\t\t\t\t<\/div>\n\t\t\t\t\t<\/div>\n\t\t<\/div>\n\t\t\t\t\t<\/div>\n\t\t<\/section>\n\t\t\t\t<section class=\"elementor-section elementor-top-section elementor-element elementor-element-2326d126 elementor-section-boxed elementor-section-height-default elementor-section-height-default\" data-id=\"2326d126\" data-element_type=\"section\" data-e-type=\"section\">\n\t\t\t\t\t\t<div class=\"elementor-container elementor-column-gap-default\">\n\t\t\t\t\t<div class=\"elementor-column elementor-col-100 elementor-top-column elementor-element elementor-element-a02eb18\" data-id=\"a02eb18\" data-element_type=\"column\" data-e-type=\"column\">\n\t\t\t<div class=\"elementor-widget-wrap elementor-element-populated\">\n\t\t\t\t\t\t<div class=\"elementor-element elementor-element-7ddc21b6 elementor-widget elementor-widget-heading\" data-id=\"7ddc21b6\" data-element_type=\"widget\" data-e-type=\"widget\" data-widget_type=\"heading.default\">\n\t\t\t\t<div class=\"elementor-widget-container\">\n\t\t\t\t\t<h2 class=\"elementor-heading-title elementor-size-default\">A MEMBER OF<\/h2>\t\t\t\t<\/div>\n\t\t\t\t<\/div>\n\t\t\t\t<div class=\"elementor-element elementor-element-3ce5e9e7 elementor-widget elementor-widget-spacer\" data-id=\"3ce5e9e7\" data-element_type=\"widget\" data-e-type=\"widget\" data-widget_type=\"spacer.default\">\n\t\t\t\t<div class=\"elementor-widget-container\">\n\t\t\t\t\t\t\t<div class=\"elementor-spacer\">\n\t\t\t<div class=\"elementor-spacer-inner\"><\/div>\n\t\t<\/div>\n\t\t\t\t\t\t<\/div>\n\t\t\t\t<\/div>\n\t\t\t\t\t<\/div>\n\t\t<\/div>\n\t\t\t\t\t<\/div>\n\t\t<\/section>\n\t\t\t\t<section class=\"elementor-section elementor-top-section elementor-element elementor-element-70f308de elementor-section-boxed elementor-section-height-default elementor-section-height-default\" data-id=\"70f308de\" data-element_type=\"section\" data-e-type=\"section\">\n\t\t\t\t\t\t<div class=\"elementor-container elementor-column-gap-default\">\n\t\t\t\t\t<div class=\"elementor-column elementor-col-100 elementor-top-column elementor-element elementor-element-5cf04d6a\" data-id=\"5cf04d6a\" data-element_type=\"column\" data-e-type=\"column\">\n\t\t\t<div class=\"elementor-widget-wrap elementor-element-populated\">\n\t\t\t\t\t\t<div class=\"elementor-element elementor-element-56cd831b carousel-socios elementor-skin-carousel elementor-widget elementor-widget-global elementor-global-515 elementor-widget-media-carousel\" data-id=\"56cd831b\" data-element_type=\"widget\" data-e-type=\"widget\" data-settings=\"{&quot;slides_per_view&quot;:&quot;6&quot;,&quot;slides_per_view_tablet&quot;:&quot;4&quot;,&quot;slides_per_view_mobile&quot;:&quot;2&quot;,&quot;slides_to_scroll&quot;:&quot;1&quot;,&quot;skin&quot;:&quot;carousel&quot;,&quot;effect&quot;:&quot;slide&quot;,&quot;speed&quot;:500,&quot;loop&quot;:&quot;yes&quot;,&quot;space_between&quot;:{&quot;unit&quot;:&quot;px&quot;,&quot;size&quot;:10,&quot;sizes&quot;:[]},&quot;space_between_tablet&quot;:{&quot;unit&quot;:&quot;px&quot;,&quot;size&quot;:10,&quot;sizes&quot;:[]},&quot;space_between_mobile&quot;:{&quot;unit&quot;:&quot;px&quot;,&quot;size&quot;:10,&quot;sizes&quot;:[]}}\" data-widget_type=\"media-carousel.default\">\n\t\t\t\t<div class=\"elementor-widget-container\">\n\t\t\t\t\t\t\t\t\t<div class=\"elementor-swiper\">\n\t\t\t\t\t<div class=\"elementor-main-swiper swiper\" role=\"region\" aria-roledescription=\"carousel\" aria-label=\"Slides\">\n\t\t\t\t<div class=\"swiper-wrapper\">\n\t\t\t\t\t\t\t\t\t\t\t<div class=\"swiper-slide\" role=\"group\" aria-roledescription=\"slide\">\n\t\t\t\t\t\t\t<a href=\"https:\/\/secpre.org\/ficha_medico\/413\/nombre\/vacio\/PEREZ%20DE%20LA%20ROMANA\" target=\"_blank\">\t\t<div class=\"elementor-carousel-image\" role=\"img\" aria-label=\"https:\/\/secpre.org\/ficha_medico\/413\/provincia\/03\/Alicante\" style=\"background-image: url(&#039;https:\/\/www.perezdelaromana.com\/wp-content\/uploads\/2023\/05\/Diseno-sin-titulo-7.png&#039;)\">\n\n\t\t\t\n\t\t\t\t\t<\/div>\n\t\t<\/a>\t\t\t\t\t\t<\/div>\n\t\t\t\t\t\t\t\t\t\t\t<div class=\"swiper-slide\" role=\"group\" aria-roledescription=\"slide\">\n\t\t\t\t\t\t\t<a href=\"https:\/\/aecep.es\/cirujano\/fperez\/\" target=\"_blank\">\t\t<div class=\"elementor-carousel-image\" role=\"img\" aria-label=\"https:\/\/aecep.es\/cirujano\/fperez\/\" style=\"background-image: url(&#039;https:\/\/www.perezdelaromana.com\/wp-content\/uploads\/2023\/05\/descarga-4-e1684488297137.png&#039;)\">\n\n\t\t\t\n\t\t\t\t\t<\/div>\n\t\t<\/a>\t\t\t\t\t\t<\/div>\n\t\t\t\t\t\t\t\t\t\t\t<div class=\"swiper-slide\" role=\"group\" aria-roledescription=\"slide\">\n\t\t\t\t\t\t\t<a href=\"https:\/\/find.plasticsurgery.org\/?member=federico+perez+de+la+romana\" target=\"_blank\">\t\t<div class=\"elementor-carousel-image\" role=\"img\" aria-label=\"american society plastic surgery\" style=\"background-image: url(&#039;https:\/\/www.perezdelaromana.com\/wp-content\/uploads\/2019\/02\/american-society-plastic-surgery.gif&#039;)\">\n\n\t\t\t\n\t\t\t\t\t<\/div>\n\t\t<\/a>\t\t\t\t\t\t<\/div>\n\t\t\t\t\t\t\t\t\t\t\t<div class=\"swiper-slide\" role=\"group\" aria-roledescription=\"slide\">\n\t\t\t\t\t\t\t<a href=\"#\" target=\"_blank\">\t\t<div class=\"elementor-carousel-image\" role=\"img\" aria-label=\"isaps\" style=\"background-image: url(&#039;https:\/\/www.perezdelaromana.com\/wp-content\/uploads\/2020\/06\/isaps.png&#039;)\">\n\n\t\t\t\n\t\t\t\t\t<\/div>\n\t\t<\/a>\t\t\t\t\t\t<\/div>\n\t\t\t\t\t\t\t\t\t\t\t<div class=\"swiper-slide\" role=\"group\" aria-roledescription=\"slide\">\n\t\t\t\t\t\t\t<a href=\"https:\/\/www.theaestheticsociety.org\/select-surgeon\/f-perez-de-la-romana-md\" target=\"_blank\">\t\t<div class=\"elementor-carousel-image\" role=\"img\" aria-label=\"https:\/\/www.theaestheticsociety.org\/select-surgeon\/f-perez-de-la-romana-md\" style=\"background-image: url(&#039;https:\/\/www.perezdelaromana.com\/wp-content\/uploads\/2023\/05\/logo-1.svg&#039;)\">\n\n\t\t\t\n\t\t\t\t\t<\/div>\n\t\t<\/a>\t\t\t\t\t\t<\/div>\n\t\t\t\t\t\t\t\t\t\t\t<div class=\"swiper-slide\" role=\"group\" aria-roledescription=\"slide\">\n\t\t\t\t\t\t\t<a href=\"http:\/\/www.rhinoplastysociety.eu\/\" target=\"_blank\">\t\t<div class=\"elementor-carousel-image\" role=\"img\" aria-label=\"sociedad europea rinoplastia\" style=\"background-image: url(&#039;https:\/\/www.perezdelaromana.com\/wp-content\/uploads\/2019\/02\/sociedad-europea-rinoplastia.jpg&#039;)\">\n\n\t\t\t\n\t\t\t\t\t<\/div>\n\t\t<\/a>\t\t\t\t\t\t<\/div>\n\t\t\t\t\t\t\t\t\t<\/div>\n\t\t\t\t\t\t\t\t\t\t\t\t\t\t\t\t\t\t\t\t\t<\/div>\n\t\t\t\t<\/div>\n\t\t\t\t\t\t\t\t<\/div>\n\t\t\t\t<\/div>\n\t\t\t\t\t<\/div>\n\t\t<\/div>\n\t\t\t\t\t<\/div>\n\t\t<\/section>\n\t\t\t\t<\/div>\n\t\t","protected":false},"excerpt":{"rendered":"<p>Beauty treatments: Improvement in body aesthetics<\/p>\n","protected":false},"author":3,"featured_media":6622,"parent":0,"menu_order":0,"comment_status":"closed","ping_status":"closed","template":"elementor_header_footer","meta":{"footnotes":""},"class_list":["post-6621","page","type-page","status-publish","has-post-thumbnail","hentry"],"yoast_head":"<!-- This site is optimized with the Yoast SEO plugin v27.3 - https:\/\/yoast.com\/product\/yoast-seo-wordpress\/ -->\n<title>Corporal beauty treatments - Instituto P\u00e9rez de la Romana<\/title>\n<meta name=\"robots\" content=\"index, follow, max-snippet:-1, max-image-preview:large, max-video-preview:-1\" \/>\n<link rel=\"canonical\" href=\"https:\/\/www.perezdelaromana.com\/en\/beauty-body-treatment\/\" \/>\n<meta property=\"og:locale\" content=\"en_GB\" \/>\n<meta property=\"og:type\" content=\"article\" \/>\n<meta property=\"og:title\" content=\"Corporal beauty treatments - Instituto P\u00e9rez de la Romana\" \/>\n<meta property=\"og:description\" content=\"Beauty treatments: Improvement in body aesthetics\" \/>\n<meta property=\"og:url\" content=\"https:\/\/www.perezdelaromana.com\/en\/beauty-body-treatment\/\" \/>\n<meta property=\"og:site_name\" content=\"Instituto P\u00e9rez de la Romana\" \/>\n<meta property=\"article:publisher\" content=\"https:\/\/www.facebook.com\/InstitutocirugiaPerezdelaRomana\/\" \/>\n<meta property=\"article:modified_time\" content=\"2020-05-04T11:48:08+00:00\" \/>\n<meta property=\"og:image\" content=\"https:\/\/www.perezdelaromana.com\/wp-content\/uploads\/2019\/03\/tratamientos-belleza-corporal.jpg\" \/>\n\t<meta property=\"og:image:width\" content=\"570\" \/>\n\t<meta property=\"og:image:height\" content=\"400\" \/>\n\t<meta property=\"og:image:type\" content=\"image\/jpeg\" \/>\n<meta name=\"twitter:card\" content=\"summary_large_image\" \/>\n<!-- \/ Yoast SEO plugin. -->","yoast_head_json":{"title":"Corporal beauty treatments - Instituto P\u00e9rez de la Romana","robots":{"index":"index","follow":"follow","max-snippet":"max-snippet:-1","max-image-preview":"max-image-preview:large","max-video-preview":"max-video-preview:-1"},"canonical":"https:\/\/www.perezdelaromana.com\/en\/beauty-body-treatment\/","og_locale":"en_GB","og_type":"article","og_title":"Corporal beauty treatments - Instituto P\u00e9rez de la Romana","og_description":"Beauty treatments: Improvement in body aesthetics","og_url":"https:\/\/www.perezdelaromana.com\/en\/beauty-body-treatment\/","og_site_name":"Instituto P\u00e9rez de la Romana","article_publisher":"https:\/\/www.facebook.com\/InstitutocirugiaPerezdelaRomana\/","article_modified_time":"2020-05-04T11:48:08+00:00","og_image":[{"width":570,"height":400,"url":"https:\/\/www.perezdelaromana.com\/wp-content\/uploads\/2019\/03\/tratamientos-belleza-corporal.jpg","type":"image\/jpeg"}],"twitter_card":"summary_large_image","schema":{"@context":"https:\/\/schema.org","@graph":[{"@type":"WebPage","@id":"https:\/\/www.perezdelaromana.com\/en\/beauty-body-treatment\/","url":"https:\/\/www.perezdelaromana.com\/en\/beauty-body-treatment\/","name":"Corporal beauty treatments - Instituto P\u00e9rez de la Romana","isPartOf":{"@id":"https:\/\/www.perezdelaromana.com\/#website"},"primaryImageOfPage":{"@id":"https:\/\/www.perezdelaromana.com\/en\/beauty-body-treatment\/#primaryimage"},"image":{"@id":"https:\/\/www.perezdelaromana.com\/en\/beauty-body-treatment\/#primaryimage"},"thumbnailUrl":"https:\/\/www.perezdelaromana.com\/wp-content\/uploads\/2019\/03\/tratamientos-belleza-corporal.jpg","datePublished":"2019-03-01T10:13:11+00:00","dateModified":"2020-05-04T11:48:08+00:00","breadcrumb":{"@id":"https:\/\/www.perezdelaromana.com\/en\/beauty-body-treatment\/#breadcrumb"},"inLanguage":"en-GB","potentialAction":[{"@type":"ReadAction","target":["https:\/\/www.perezdelaromana.com\/en\/beauty-body-treatment\/"]}]},{"@type":"ImageObject","inLanguage":"en-GB","@id":"https:\/\/www.perezdelaromana.com\/en\/beauty-body-treatment\/#primaryimage","url":"https:\/\/www.perezdelaromana.com\/wp-content\/uploads\/2019\/03\/tratamientos-belleza-corporal.jpg","contentUrl":"https:\/\/www.perezdelaromana.com\/wp-content\/uploads\/2019\/03\/tratamientos-belleza-corporal.jpg","width":570,"height":400,"caption":"tratamientos belleza corporal"},{"@type":"BreadcrumbList","@id":"https:\/\/www.perezdelaromana.com\/en\/beauty-body-treatment\/#breadcrumb","itemListElement":[{"@type":"ListItem","position":1,"name":"Portada","item":"https:\/\/www.perezdelaromana.com\/en\/"},{"@type":"ListItem","position":2,"name":"Corporal beauty treatments"}]},{"@type":"WebSite","@id":"https:\/\/www.perezdelaromana.com\/#website","url":"https:\/\/www.perezdelaromana.com\/","name":"Instituto P\u00e9rez de la Romana","description":"Cirug\u00eda Pl\u00e1stica, Est\u00e9tica y Reconstructora","publisher":{"@id":"https:\/\/www.perezdelaromana.com\/#organization"},"potentialAction":[{"@type":"SearchAction","target":{"@type":"EntryPoint","urlTemplate":"https:\/\/www.perezdelaromana.com\/?s={search_term_string}"},"query-input":{"@type":"PropertyValueSpecification","valueRequired":true,"valueName":"search_term_string"}}],"inLanguage":"en-GB"},{"@type":"Organization","@id":"https:\/\/www.perezdelaromana.com\/#organization","name":"Instituto P\u00e9rez de la Romana","url":"https:\/\/www.perezdelaromana.com\/","logo":{"@type":"ImageObject","inLanguage":"en-GB","@id":"https:\/\/www.perezdelaromana.com\/#\/schema\/logo\/image\/","url":"https:\/\/www.perezdelaromana.com\/wp-content\/uploads\/2020\/05\/cropped-perezdelaromana-logo.png","contentUrl":"https:\/\/www.perezdelaromana.com\/wp-content\/uploads\/2020\/05\/cropped-perezdelaromana-logo.png","width":373,"height":59,"caption":"Instituto P\u00e9rez de la Romana"},"image":{"@id":"https:\/\/www.perezdelaromana.com\/#\/schema\/logo\/image\/"},"sameAs":["https:\/\/www.facebook.com\/InstitutocirugiaPerezdelaRomana\/","https:\/\/www.instagram.com\/PerezdelaRomana\/","https:\/\/www.linkedin.com\/in\/federico-perez-de-la-romana\/","https:\/\/www.youtube.com\/channel\/UC1FM8K8cxRZhzQu_0F44MLg"]}]}},"_links":{"self":[{"href":"https:\/\/www.perezdelaromana.com\/en\/wp-json\/wp\/v2\/pages\/6621","targetHints":{"allow":["GET"]}}],"collection":[{"href":"https:\/\/www.perezdelaromana.com\/en\/wp-json\/wp\/v2\/pages"}],"about":[{"href":"https:\/\/www.perezdelaromana.com\/en\/wp-json\/wp\/v2\/types\/page"}],"author":[{"embeddable":true,"href":"https:\/\/www.perezdelaromana.com\/en\/wp-json\/wp\/v2\/users\/3"}],"replies":[{"embeddable":true,"href":"https:\/\/www.perezdelaromana.com\/en\/wp-json\/wp\/v2\/comments?post=6621"}],"version-history":[{"count":0,"href":"https:\/\/www.perezdelaromana.com\/en\/wp-json\/wp\/v2\/pages\/6621\/revisions"}],"wp:featuredmedia":[{"embeddable":true,"href":"https:\/\/www.perezdelaromana.com\/en\/wp-json\/wp\/v2\/media\/6622"}],"wp:attachment":[{"href":"https:\/\/www.perezdelaromana.com\/en\/wp-json\/wp\/v2\/media?parent=6621"}],"curies":[{"name":"wp","href":"https:\/\/api.w.org\/{rel}","templated":true}]}}