{"id":7749,"date":"2020-02-18T11:44:33","date_gmt":"2020-02-18T11:44:33","guid":{"rendered":"http:\/\/www.perezdelaromana.com\/prevencion-y-tratamiento-de-enfermedades\/"},"modified":"2020-05-04T10:31:47","modified_gmt":"2020-05-04T10:31:47","slug":"prevention-and-treatment-of-diseases","status":"publish","type":"page","link":"https:\/\/www.perezdelaromana.com\/en\/prevention-and-treatment-of-diseases\/","title":{"rendered":"Prevention and treatment of diseases"},"content":{"rendered":"\t\t<div data-elementor-type=\"wp-post\" data-elementor-id=\"7749\" class=\"elementor elementor-7749 elementor-7738\" data-elementor-post-type=\"page\">\n\t\t\t\t\t\t<section class=\"elementor-section elementor-top-section elementor-element elementor-element-368d45b7 elementor-section-content-middle elementor-reverse-mobile elementor-section-boxed elementor-section-height-default elementor-section-height-default\" data-id=\"368d45b7\" data-element_type=\"section\" data-e-type=\"section\" data-settings=\"{&quot;background_background&quot;:&quot;classic&quot;}\">\n\t\t\t\t\t\t<div class=\"elementor-container elementor-column-gap-wider\">\n\t\t\t\t\t<div class=\"elementor-column elementor-col-50 elementor-top-column elementor-element elementor-element-4d5052cb\" data-id=\"4d5052cb\" data-element_type=\"column\" data-e-type=\"column\">\n\t\t\t<div class=\"elementor-widget-wrap elementor-element-populated\">\n\t\t\t\t\t\t<div class=\"elementor-element elementor-element-20cd6d6f elementor-widget elementor-widget-heading\" data-id=\"20cd6d6f\" data-element_type=\"widget\" data-e-type=\"widget\" data-widget_type=\"heading.default\">\n\t\t\t\t<div class=\"elementor-widget-container\">\n\t\t\t\t\t<h1 class=\"elementor-heading-title elementor-size-xl\">Prevention and treatment of diseases<\/h1>\t\t\t\t<\/div>\n\t\t\t\t<\/div>\n\t\t\t\t<div class=\"elementor-element elementor-element-0358329 elementor-align-center elementor-mobile-align-center elementor-widget elementor-widget-global elementor-global-8062 elementor-widget-button\" data-id=\"0358329\" data-element_type=\"widget\" data-e-type=\"widget\" data-widget_type=\"button.default\">\n\t\t\t\t<div class=\"elementor-widget-container\">\n\t\t\t\t\t\t\t\t\t<div class=\"elementor-button-wrapper\">\n\t\t\t\t\t<a class=\"elementor-button elementor-button-link elementor-size-md\" href=\"#elementor-action%3Aaction%3Dpopup%3Aopen%26settings%3DeyJpZCI6ODA1OCwidG9nZ2xlIjpmYWxzZX0%3D\" id=\"solicitar-cita\">\n\t\t\t\t\t\t<span class=\"elementor-button-content-wrapper\">\n\t\t\t\t\t\t<span class=\"elementor-button-icon\">\n\t\t\t\t<i aria-hidden=\"true\" class=\"fas fa-calendar-alt\"><\/i>\t\t\t<\/span>\n\t\t\t\t\t\t\t\t\t<span class=\"elementor-button-text\">Request appointment<\/span>\n\t\t\t\t\t<\/span>\n\t\t\t\t\t<\/a>\n\t\t\t\t<\/div>\n\t\t\t\t\t\t\t\t<\/div>\n\t\t\t\t<\/div>\n\t\t\t\t<div class=\"elementor-element elementor-element-bec3515 elementor-align-center elementor-mobile-align-center elementor-widget elementor-widget-global elementor-global-10148 elementor-widget-button\" data-id=\"bec3515\" data-element_type=\"widget\" data-e-type=\"widget\" data-widget_type=\"button.default\">\n\t\t\t\t<div class=\"elementor-widget-container\">\n\t\t\t\t\t\t\t\t\t<div class=\"elementor-button-wrapper\">\n\t\t\t\t\t<a class=\"elementor-button elementor-button-link elementor-size-md\" href=\"#elementor-action%3Aaction%3Dpopup%3Aopen%26settings%3DeyJpZCI6MTAxMjksInRvZ2dsZSI6ZmFsc2V9\" id=\"solicitar-cita\">\n\t\t\t\t\t\t<span class=\"elementor-button-content-wrapper\">\n\t\t\t\t\t\t<span class=\"elementor-button-icon\">\n\t\t\t\t<i aria-hidden=\"true\" class=\"fas fa-video\"><\/i>\t\t\t<\/span>\n\t\t\t\t\t\t\t\t\t<span class=\"elementor-button-text\">Request a video consultation<\/span>\n\t\t\t\t\t<\/span>\n\t\t\t\t\t<\/a>\n\t\t\t\t<\/div>\n\t\t\t\t\t\t\t\t<\/div>\n\t\t\t\t<\/div>\n\t\t\t\t\t<\/div>\n\t\t<\/div>\n\t\t\t\t<div class=\"elementor-column elementor-col-50 elementor-top-column elementor-element elementor-element-356cecce\" data-id=\"356cecce\" data-element_type=\"column\" data-e-type=\"column\">\n\t\t\t<div class=\"elementor-widget-wrap elementor-element-populated\">\n\t\t\t\t\t\t<div class=\"elementor-element elementor-element-4cc83361 elementor-widget elementor-widget-image\" data-id=\"4cc83361\" data-element_type=\"widget\" data-e-type=\"widget\" data-widget_type=\"image.default\">\n\t\t\t\t<div class=\"elementor-widget-container\">\n\t\t\t\t\t\t\t\t\t\t\t\t\t\t\t<img  title=\"Prevention and treatment of diseases\" fetchpriority=\"high\" decoding=\"async\" width=\"570\" height=\"400\" src=\"https:\/\/www.perezdelaromana.com\/wp-content\/uploads\/2020\/02\/prevencion-de-enfermedades-1.jpg\" class=\"attachment-full size-full wp-image-7745\"  alt=\"Prevention and treatment of diseases prevencion-de-enfermedades-1\"  srcset=\"https:\/\/www.perezdelaromana.com\/wp-content\/uploads\/2020\/02\/prevencion-de-enfermedades-1.jpg 570w, https:\/\/www.perezdelaromana.com\/wp-content\/uploads\/2020\/02\/prevencion-de-enfermedades-1-300x211.jpg 300w\" sizes=\"(max-width: 570px) 100vw, 570px\" \/>\t\t\t\t\t\t\t\t\t\t\t\t\t\t\t<\/div>\n\t\t\t\t<\/div>\n\t\t\t\t\t<\/div>\n\t\t<\/div>\n\t\t\t\t\t<\/div>\n\t\t<\/section>\n\t\t\t\t<section class=\"elementor-section elementor-top-section elementor-element elementor-element-45d276e elementor-section-boxed elementor-section-height-default elementor-section-height-default\" data-id=\"45d276e\" data-element_type=\"section\" data-e-type=\"section\">\n\t\t\t\t\t\t<div class=\"elementor-container elementor-column-gap-no\">\n\t\t\t\t\t<div class=\"elementor-column elementor-col-100 elementor-top-column elementor-element elementor-element-c777909\" data-id=\"c777909\" data-element_type=\"column\" data-e-type=\"column\">\n\t\t\t<div class=\"elementor-widget-wrap elementor-element-populated\">\n\t\t\t\t\t\t<div class=\"elementor-element elementor-element-643fbf0 elementor-widget elementor-widget-global elementor-global-579 elementor-widget-spacer\" data-id=\"643fbf0\" data-element_type=\"widget\" data-e-type=\"widget\" data-widget_type=\"spacer.default\">\n\t\t\t\t<div class=\"elementor-widget-container\">\n\t\t\t\t\t\t\t<div class=\"elementor-spacer\">\n\t\t\t<div class=\"elementor-spacer-inner\"><\/div>\n\t\t<\/div>\n\t\t\t\t\t\t<\/div>\n\t\t\t\t<\/div>\n\t\t\t\t\t<\/div>\n\t\t<\/div>\n\t\t\t\t\t<\/div>\n\t\t<\/section>\n\t\t\t\t<section class=\"elementor-section elementor-top-section elementor-element elementor-element-dc818ac elementor-section-boxed elementor-section-height-default elementor-section-height-default\" data-id=\"dc818ac\" data-element_type=\"section\" data-e-type=\"section\">\n\t\t\t\t\t\t<div class=\"elementor-container elementor-column-gap-default\">\n\t\t\t\t\t<div class=\"elementor-column elementor-col-100 elementor-top-column elementor-element elementor-element-b885367\" data-id=\"b885367\" data-element_type=\"column\" data-e-type=\"column\">\n\t\t\t<div class=\"elementor-widget-wrap elementor-element-populated\">\n\t\t\t\t\t\t<div class=\"elementor-element elementor-element-5eac1c7 elementor-widget elementor-widget-text-editor\" data-id=\"5eac1c7\" data-element_type=\"widget\" data-e-type=\"widget\" data-widget_type=\"text-editor.default\">\n\t\t\t\t<div class=\"elementor-widget-container\">\n\t\t\t\t\t\t\t\t\t<h3>DISEASE PREVENTION AND TREATMENT<\/h3><p>If you are tired of dragging extra pounds, have digestive problems, hormonal disorders or intolerances, migraines, chronic pain, recurrent candidiasis and depressions. Or you have some pathology or symptoms that you don\u2019t know why they happen to you and you are eager to find the solution to your alterations, this is the best way we can help you.<\/p><h3>Our aim is to regain your vitality and well-being at all levels.<\/h3><p>Learn how to eat healthily, correcting bad habits and preventing diseases and treating them\u00a0 through consultations, studies, tips, recipes and personalized nutritional diets.<\/p><p>These diseases we can prevent and treat at the Instituto P\u00e9rez de la Romana through the design of diets that are personalized and adapted to the different characteristics of each person:<\/p><ul><li><strong>Digestive pathologies:<\/strong>Constipation, hiatus hernia, indigestion, gas, gastritis, irritable bowel syndrome, and other conditions.<\/li><li><strong>Autoimmune pathologies:<\/strong>Hyperthyroidism, hypothyroidism, fibromyalgia, rheumatoid arthritis, multiple sclerosis and other conditions.<\/li><li><strong>Intolerances and allergies:<\/strong>Gluten, fructose, lactose, asthma, skin reactions and other intolerances and allergies.<\/li><li><strong>Obesity and excess weight:<\/strong>Cardiovascular problems, water retention, swelling, problems with weight gain and overweight hypothyroidism.<\/li><li>Cardiovascular diseases.<\/li><li><strong>Metabolic, liver and kidney diseases:<\/strong>High cholesterol, high triglycerides, arterial hypertension and other conditions.<\/li><li><strong>Women&#8217;s health:<\/strong>\u00a0Hormonal problems, candidiasis, endometriosis.<\/li><\/ul>\t\t\t\t\t\t\t\t<\/div>\n\t\t\t\t<\/div>\n\t\t\t\t\t<\/div>\n\t\t<\/div>\n\t\t\t\t\t<\/div>\n\t\t<\/section>\n\t\t\t\t<section class=\"elementor-section elementor-top-section elementor-element elementor-element-2326d126 elementor-section-boxed elementor-section-height-default elementor-section-height-default\" data-id=\"2326d126\" data-element_type=\"section\" data-e-type=\"section\">\n\t\t\t\t\t\t<div class=\"elementor-container elementor-column-gap-default\">\n\t\t\t\t\t<div class=\"elementor-column elementor-col-100 elementor-top-column elementor-element elementor-element-a02eb18\" data-id=\"a02eb18\" data-element_type=\"column\" data-e-type=\"column\">\n\t\t\t<div class=\"elementor-widget-wrap elementor-element-populated\">\n\t\t\t\t\t\t<div class=\"elementor-element elementor-element-7ddc21b6 elementor-widget elementor-widget-heading\" data-id=\"7ddc21b6\" data-element_type=\"widget\" data-e-type=\"widget\" data-widget_type=\"heading.default\">\n\t\t\t\t<div class=\"elementor-widget-container\">\n\t\t\t\t\t<h2 class=\"elementor-heading-title elementor-size-default\">A MEMBER OF<\/h2>\t\t\t\t<\/div>\n\t\t\t\t<\/div>\n\t\t\t\t<div class=\"elementor-element elementor-element-3ce5e9e7 elementor-widget elementor-widget-spacer\" data-id=\"3ce5e9e7\" data-element_type=\"widget\" data-e-type=\"widget\" data-widget_type=\"spacer.default\">\n\t\t\t\t<div class=\"elementor-widget-container\">\n\t\t\t\t\t\t\t<div class=\"elementor-spacer\">\n\t\t\t<div class=\"elementor-spacer-inner\"><\/div>\n\t\t<\/div>\n\t\t\t\t\t\t<\/div>\n\t\t\t\t<\/div>\n\t\t\t\t\t<\/div>\n\t\t<\/div>\n\t\t\t\t\t<\/div>\n\t\t<\/section>\n\t\t\t\t<section class=\"elementor-section elementor-top-section elementor-element elementor-element-70f308de elementor-section-boxed elementor-section-height-default elementor-section-height-default\" data-id=\"70f308de\" data-element_type=\"section\" data-e-type=\"section\">\n\t\t\t\t\t\t<div class=\"elementor-container elementor-column-gap-default\">\n\t\t\t\t\t<div class=\"elementor-column elementor-col-100 elementor-top-column elementor-element elementor-element-5cf04d6a\" data-id=\"5cf04d6a\" data-element_type=\"column\" data-e-type=\"column\">\n\t\t\t<div class=\"elementor-widget-wrap elementor-element-populated\">\n\t\t\t\t\t\t<div class=\"elementor-element elementor-element-56cd831b carousel-socios elementor-skin-carousel elementor-widget elementor-widget-global elementor-global-515 elementor-widget-media-carousel\" data-id=\"56cd831b\" data-element_type=\"widget\" data-e-type=\"widget\" data-settings=\"{&quot;slides_per_view&quot;:&quot;6&quot;,&quot;slides_per_view_tablet&quot;:&quot;4&quot;,&quot;slides_per_view_mobile&quot;:&quot;2&quot;,&quot;slides_to_scroll&quot;:&quot;1&quot;,&quot;skin&quot;:&quot;carousel&quot;,&quot;effect&quot;:&quot;slide&quot;,&quot;speed&quot;:500,&quot;loop&quot;:&quot;yes&quot;,&quot;space_between&quot;:{&quot;unit&quot;:&quot;px&quot;,&quot;size&quot;:10,&quot;sizes&quot;:[]},&quot;space_between_tablet&quot;:{&quot;unit&quot;:&quot;px&quot;,&quot;size&quot;:10,&quot;sizes&quot;:[]},&quot;space_between_mobile&quot;:{&quot;unit&quot;:&quot;px&quot;,&quot;size&quot;:10,&quot;sizes&quot;:[]}}\" data-widget_type=\"media-carousel.default\">\n\t\t\t\t<div class=\"elementor-widget-container\">\n\t\t\t\t\t\t\t\t\t<div class=\"elementor-swiper\">\n\t\t\t\t\t<div class=\"elementor-main-swiper swiper\" role=\"region\" aria-roledescription=\"carousel\" aria-label=\"Slides\">\n\t\t\t\t<div class=\"swiper-wrapper\">\n\t\t\t\t\t\t\t\t\t\t\t<div class=\"swiper-slide\" role=\"group\" aria-roledescription=\"slide\">\n\t\t\t\t\t\t\t<a href=\"https:\/\/secpre.org\/ficha_medico\/413\/nombre\/vacio\/PEREZ%20DE%20LA%20ROMANA\" target=\"_blank\">\t\t<div class=\"elementor-carousel-image\" role=\"img\" aria-label=\"https:\/\/secpre.org\/ficha_medico\/413\/provincia\/03\/Alicante\" style=\"background-image: url(&#039;https:\/\/www.perezdelaromana.com\/wp-content\/uploads\/2023\/05\/Diseno-sin-titulo-7.png&#039;)\">\n\n\t\t\t\n\t\t\t\t\t<\/div>\n\t\t<\/a>\t\t\t\t\t\t<\/div>\n\t\t\t\t\t\t\t\t\t\t\t<div class=\"swiper-slide\" role=\"group\" aria-roledescription=\"slide\">\n\t\t\t\t\t\t\t<a href=\"https:\/\/aecep.es\/cirujano\/fperez\/\" target=\"_blank\">\t\t<div class=\"elementor-carousel-image\" role=\"img\" aria-label=\"https:\/\/aecep.es\/cirujano\/fperez\/\" style=\"background-image: url(&#039;https:\/\/www.perezdelaromana.com\/wp-content\/uploads\/2023\/05\/descarga-4-e1684488297137.png&#039;)\">\n\n\t\t\t\n\t\t\t\t\t<\/div>\n\t\t<\/a>\t\t\t\t\t\t<\/div>\n\t\t\t\t\t\t\t\t\t\t\t<div class=\"swiper-slide\" role=\"group\" aria-roledescription=\"slide\">\n\t\t\t\t\t\t\t<a href=\"https:\/\/find.plasticsurgery.org\/?member=federico+perez+de+la+romana\" target=\"_blank\">\t\t<div class=\"elementor-carousel-image\" role=\"img\" aria-label=\"american society plastic surgery\" style=\"background-image: url(&#039;https:\/\/www.perezdelaromana.com\/wp-content\/uploads\/2019\/02\/american-society-plastic-surgery.gif&#039;)\">\n\n\t\t\t\n\t\t\t\t\t<\/div>\n\t\t<\/a>\t\t\t\t\t\t<\/div>\n\t\t\t\t\t\t\t\t\t\t\t<div class=\"swiper-slide\" role=\"group\" aria-roledescription=\"slide\">\n\t\t\t\t\t\t\t<a href=\"#\" target=\"_blank\">\t\t<div class=\"elementor-carousel-image\" role=\"img\" aria-label=\"isaps\" style=\"background-image: url(&#039;https:\/\/www.perezdelaromana.com\/wp-content\/uploads\/2020\/06\/isaps.png&#039;)\">\n\n\t\t\t\n\t\t\t\t\t<\/div>\n\t\t<\/a>\t\t\t\t\t\t<\/div>\n\t\t\t\t\t\t\t\t\t\t\t<div class=\"swiper-slide\" role=\"group\" aria-roledescription=\"slide\">\n\t\t\t\t\t\t\t<a href=\"https:\/\/www.theaestheticsociety.org\/select-surgeon\/f-perez-de-la-romana-md\" target=\"_blank\">\t\t<div class=\"elementor-carousel-image\" role=\"img\" aria-label=\"https:\/\/www.theaestheticsociety.org\/select-surgeon\/f-perez-de-la-romana-md\" style=\"background-image: url(&#039;https:\/\/www.perezdelaromana.com\/wp-content\/uploads\/2023\/05\/logo-1.svg&#039;)\">\n\n\t\t\t\n\t\t\t\t\t<\/div>\n\t\t<\/a>\t\t\t\t\t\t<\/div>\n\t\t\t\t\t\t\t\t\t\t\t<div class=\"swiper-slide\" role=\"group\" aria-roledescription=\"slide\">\n\t\t\t\t\t\t\t<a href=\"http:\/\/www.rhinoplastysociety.eu\/\" target=\"_blank\">\t\t<div class=\"elementor-carousel-image\" role=\"img\" aria-label=\"sociedad europea rinoplastia\" style=\"background-image: url(&#039;https:\/\/www.perezdelaromana.com\/wp-content\/uploads\/2019\/02\/sociedad-europea-rinoplastia.jpg&#039;)\">\n\n\t\t\t\n\t\t\t\t\t<\/div>\n\t\t<\/a>\t\t\t\t\t\t<\/div>\n\t\t\t\t\t\t\t\t\t<\/div>\n\t\t\t\t\t\t\t\t\t\t\t\t\t\t\t\t\t\t\t\t\t<\/div>\n\t\t\t\t<\/div>\n\t\t\t\t\t\t\t\t<\/div>\n\t\t\t\t<\/div>\n\t\t\t\t\t<\/div>\n\t\t<\/div>\n\t\t\t\t\t<\/div>\n\t\t<\/section>\n\t\t\t\t<\/div>\n\t\t","protected":false},"excerpt":{"rendered":"<p>Request appointment Request a video consultation DISEASE PREVENTION AND TREATMENT If you are tired of dragging extra pounds, have digestive problems, hormonal disorders or intolerances, migraines, chronic pain, recurrent candidiasis and depressions. Or you have some pathology or symptoms that you don\u2019t know why they happen to you and you are eager to find the [&hellip;]<\/p>\n","protected":false},"author":3,"featured_media":7745,"parent":0,"menu_order":0,"comment_status":"closed","ping_status":"closed","template":"elementor_header_footer","meta":{"footnotes":""},"class_list":["post-7749","page","type-page","status-publish","has-post-thumbnail","hentry"],"yoast_head":"<!-- This site is optimized with the Yoast SEO plugin v27.3 - https:\/\/yoast.com\/product\/yoast-seo-wordpress\/ -->\n<title>Prevention and treatment of diseases - Instituto P\u00e9rez de la Romana<\/title>\n<meta name=\"robots\" content=\"index, follow, max-snippet:-1, max-image-preview:large, max-video-preview:-1\" \/>\n<link rel=\"canonical\" href=\"https:\/\/www.perezdelaromana.com\/en\/prevention-and-treatment-of-diseases\/\" \/>\n<meta property=\"og:locale\" content=\"en_GB\" \/>\n<meta property=\"og:type\" content=\"article\" \/>\n<meta property=\"og:title\" content=\"Prevention and treatment of diseases - Instituto P\u00e9rez de la Romana\" \/>\n<meta property=\"og:description\" content=\"Request appointment Request a video consultation DISEASE PREVENTION AND TREATMENT If you are tired of dragging extra pounds, have digestive problems, hormonal disorders or intolerances, migraines, chronic pain, recurrent candidiasis and depressions. Or you have some pathology or symptoms that you don\u2019t know why they happen to you and you are eager to find the [&hellip;]\" \/>\n<meta property=\"og:url\" content=\"https:\/\/www.perezdelaromana.com\/en\/prevention-and-treatment-of-diseases\/\" \/>\n<meta property=\"og:site_name\" content=\"Instituto P\u00e9rez de la Romana\" \/>\n<meta property=\"article:publisher\" content=\"https:\/\/www.facebook.com\/InstitutocirugiaPerezdelaRomana\/\" \/>\n<meta property=\"article:modified_time\" content=\"2020-05-04T10:31:47+00:00\" \/>\n<meta property=\"og:image\" content=\"https:\/\/www.perezdelaromana.com\/wp-content\/uploads\/2020\/02\/prevencion-de-enfermedades-1.jpg\" \/>\n\t<meta property=\"og:image:width\" content=\"570\" \/>\n\t<meta property=\"og:image:height\" content=\"400\" \/>\n\t<meta property=\"og:image:type\" content=\"image\/jpeg\" \/>\n<meta name=\"twitter:card\" content=\"summary_large_image\" \/>\n<!-- \/ Yoast SEO plugin. -->","yoast_head_json":{"title":"Prevention and treatment of diseases - Instituto P\u00e9rez de la Romana","robots":{"index":"index","follow":"follow","max-snippet":"max-snippet:-1","max-image-preview":"max-image-preview:large","max-video-preview":"max-video-preview:-1"},"canonical":"https:\/\/www.perezdelaromana.com\/en\/prevention-and-treatment-of-diseases\/","og_locale":"en_GB","og_type":"article","og_title":"Prevention and treatment of diseases - Instituto P\u00e9rez de la Romana","og_description":"Request appointment Request a video consultation DISEASE PREVENTION AND TREATMENT If you are tired of dragging extra pounds, have digestive problems, hormonal disorders or intolerances, migraines, chronic pain, recurrent candidiasis and depressions. Or you have some pathology or symptoms that you don\u2019t know why they happen to you and you are eager to find the [&hellip;]","og_url":"https:\/\/www.perezdelaromana.com\/en\/prevention-and-treatment-of-diseases\/","og_site_name":"Instituto P\u00e9rez de la Romana","article_publisher":"https:\/\/www.facebook.com\/InstitutocirugiaPerezdelaRomana\/","article_modified_time":"2020-05-04T10:31:47+00:00","og_image":[{"width":570,"height":400,"url":"https:\/\/www.perezdelaromana.com\/wp-content\/uploads\/2020\/02\/prevencion-de-enfermedades-1.jpg","type":"image\/jpeg"}],"twitter_card":"summary_large_image","schema":{"@context":"https:\/\/schema.org","@graph":[{"@type":"WebPage","@id":"https:\/\/www.perezdelaromana.com\/en\/prevention-and-treatment-of-diseases\/","url":"https:\/\/www.perezdelaromana.com\/en\/prevention-and-treatment-of-diseases\/","name":"Prevention and treatment of diseases - Instituto P\u00e9rez de la Romana","isPartOf":{"@id":"https:\/\/www.perezdelaromana.com\/#website"},"primaryImageOfPage":{"@id":"https:\/\/www.perezdelaromana.com\/en\/prevention-and-treatment-of-diseases\/#primaryimage"},"image":{"@id":"https:\/\/www.perezdelaromana.com\/en\/prevention-and-treatment-of-diseases\/#primaryimage"},"thumbnailUrl":"https:\/\/www.perezdelaromana.com\/wp-content\/uploads\/2020\/02\/prevencion-de-enfermedades-1.jpg","datePublished":"2020-02-18T11:44:33+00:00","dateModified":"2020-05-04T10:31:47+00:00","breadcrumb":{"@id":"https:\/\/www.perezdelaromana.com\/en\/prevention-and-treatment-of-diseases\/#breadcrumb"},"inLanguage":"en-GB","potentialAction":[{"@type":"ReadAction","target":["https:\/\/www.perezdelaromana.com\/en\/prevention-and-treatment-of-diseases\/"]}]},{"@type":"ImageObject","inLanguage":"en-GB","@id":"https:\/\/www.perezdelaromana.com\/en\/prevention-and-treatment-of-diseases\/#primaryimage","url":"https:\/\/www.perezdelaromana.com\/wp-content\/uploads\/2020\/02\/prevencion-de-enfermedades-1.jpg","contentUrl":"https:\/\/www.perezdelaromana.com\/wp-content\/uploads\/2020\/02\/prevencion-de-enfermedades-1.jpg","width":570,"height":400,"caption":"prevencion de enfermedades"},{"@type":"BreadcrumbList","@id":"https:\/\/www.perezdelaromana.com\/en\/prevention-and-treatment-of-diseases\/#breadcrumb","itemListElement":[{"@type":"ListItem","position":1,"name":"Portada","item":"https:\/\/www.perezdelaromana.com\/en\/"},{"@type":"ListItem","position":2,"name":"Prevention and treatment of diseases"}]},{"@type":"WebSite","@id":"https:\/\/www.perezdelaromana.com\/#website","url":"https:\/\/www.perezdelaromana.com\/","name":"Instituto P\u00e9rez de la Romana","description":"Cirug\u00eda Pl\u00e1stica, Est\u00e9tica y Reconstructora","publisher":{"@id":"https:\/\/www.perezdelaromana.com\/#organization"},"potentialAction":[{"@type":"SearchAction","target":{"@type":"EntryPoint","urlTemplate":"https:\/\/www.perezdelaromana.com\/?s={search_term_string}"},"query-input":{"@type":"PropertyValueSpecification","valueRequired":true,"valueName":"search_term_string"}}],"inLanguage":"en-GB"},{"@type":"Organization","@id":"https:\/\/www.perezdelaromana.com\/#organization","name":"Instituto P\u00e9rez de la Romana","url":"https:\/\/www.perezdelaromana.com\/","logo":{"@type":"ImageObject","inLanguage":"en-GB","@id":"https:\/\/www.perezdelaromana.com\/#\/schema\/logo\/image\/","url":"https:\/\/www.perezdelaromana.com\/wp-content\/uploads\/2020\/05\/cropped-perezdelaromana-logo.png","contentUrl":"https:\/\/www.perezdelaromana.com\/wp-content\/uploads\/2020\/05\/cropped-perezdelaromana-logo.png","width":373,"height":59,"caption":"Instituto P\u00e9rez de la Romana"},"image":{"@id":"https:\/\/www.perezdelaromana.com\/#\/schema\/logo\/image\/"},"sameAs":["https:\/\/www.facebook.com\/InstitutocirugiaPerezdelaRomana\/","https:\/\/www.instagram.com\/PerezdelaRomana\/","https:\/\/www.linkedin.com\/in\/federico-perez-de-la-romana\/","https:\/\/www.youtube.com\/channel\/UC1FM8K8cxRZhzQu_0F44MLg"]}]}},"_links":{"self":[{"href":"https:\/\/www.perezdelaromana.com\/en\/wp-json\/wp\/v2\/pages\/7749","targetHints":{"allow":["GET"]}}],"collection":[{"href":"https:\/\/www.perezdelaromana.com\/en\/wp-json\/wp\/v2\/pages"}],"about":[{"href":"https:\/\/www.perezdelaromana.com\/en\/wp-json\/wp\/v2\/types\/page"}],"author":[{"embeddable":true,"href":"https:\/\/www.perezdelaromana.com\/en\/wp-json\/wp\/v2\/users\/3"}],"replies":[{"embeddable":true,"href":"https:\/\/www.perezdelaromana.com\/en\/wp-json\/wp\/v2\/comments?post=7749"}],"version-history":[{"count":0,"href":"https:\/\/www.perezdelaromana.com\/en\/wp-json\/wp\/v2\/pages\/7749\/revisions"}],"wp:featuredmedia":[{"embeddable":true,"href":"https:\/\/www.perezdelaromana.com\/en\/wp-json\/wp\/v2\/media\/7745"}],"wp:attachment":[{"href":"https:\/\/www.perezdelaromana.com\/en\/wp-json\/wp\/v2\/media?parent=7749"}],"curies":[{"name":"wp","href":"https:\/\/api.w.org\/{rel}","templated":true}]}}