{"id":7794,"date":"2020-02-18T12:26:52","date_gmt":"2020-02-18T12:26:52","guid":{"rendered":"http:\/\/www.perezdelaromana.com\/mejora-tus-hormonas\/"},"modified":"2020-05-04T09:45:32","modified_gmt":"2020-05-04T09:45:32","slug":"improve-your-hormones","status":"publish","type":"page","link":"https:\/\/www.perezdelaromana.com\/en\/improve-your-hormones\/","title":{"rendered":"Improve your hormones"},"content":{"rendered":"\t\t<div data-elementor-type=\"wp-post\" data-elementor-id=\"7794\" class=\"elementor elementor-7794 elementor-7786\" data-elementor-post-type=\"page\">\n\t\t\t\t\t\t<section class=\"elementor-section elementor-top-section elementor-element elementor-element-368d45b7 elementor-section-content-middle elementor-reverse-mobile elementor-section-boxed elementor-section-height-default elementor-section-height-default\" data-id=\"368d45b7\" data-element_type=\"section\" data-e-type=\"section\" data-settings=\"{&quot;background_background&quot;:&quot;classic&quot;}\">\n\t\t\t\t\t\t<div class=\"elementor-container elementor-column-gap-wider\">\n\t\t\t\t\t<div class=\"elementor-column elementor-col-50 elementor-top-column elementor-element elementor-element-4d5052cb\" data-id=\"4d5052cb\" data-element_type=\"column\" data-e-type=\"column\">\n\t\t\t<div class=\"elementor-widget-wrap elementor-element-populated\">\n\t\t\t\t\t\t<div class=\"elementor-element elementor-element-20cd6d6f elementor-widget elementor-widget-heading\" data-id=\"20cd6d6f\" data-element_type=\"widget\" data-e-type=\"widget\" data-widget_type=\"heading.default\">\n\t\t\t\t<div class=\"elementor-widget-container\">\n\t\t\t\t\t<h1 class=\"elementor-heading-title elementor-size-xl\">Improve your hormones<\/h1>\t\t\t\t<\/div>\n\t\t\t\t<\/div>\n\t\t\t\t<div class=\"elementor-element elementor-element-4703170 elementor-align-center elementor-mobile-align-center elementor-widget elementor-widget-global elementor-global-8062 elementor-widget-button\" data-id=\"4703170\" data-element_type=\"widget\" data-e-type=\"widget\" data-widget_type=\"button.default\">\n\t\t\t\t<div class=\"elementor-widget-container\">\n\t\t\t\t\t\t\t\t\t<div class=\"elementor-button-wrapper\">\n\t\t\t\t\t<a class=\"elementor-button elementor-button-link elementor-size-md\" href=\"#elementor-action%3Aaction%3Dpopup%3Aopen%26settings%3DeyJpZCI6ODA1OCwidG9nZ2xlIjpmYWxzZX0%3D\" id=\"solicitar-cita\">\n\t\t\t\t\t\t<span class=\"elementor-button-content-wrapper\">\n\t\t\t\t\t\t<span class=\"elementor-button-icon\">\n\t\t\t\t<i aria-hidden=\"true\" class=\"fas fa-calendar-alt\"><\/i>\t\t\t<\/span>\n\t\t\t\t\t\t\t\t\t<span class=\"elementor-button-text\">Request appointment<\/span>\n\t\t\t\t\t<\/span>\n\t\t\t\t\t<\/a>\n\t\t\t\t<\/div>\n\t\t\t\t\t\t\t\t<\/div>\n\t\t\t\t<\/div>\n\t\t\t\t<div class=\"elementor-element elementor-element-1cb1e32 elementor-align-center elementor-mobile-align-center elementor-widget elementor-widget-global elementor-global-10148 elementor-widget-button\" data-id=\"1cb1e32\" data-element_type=\"widget\" data-e-type=\"widget\" data-widget_type=\"button.default\">\n\t\t\t\t<div class=\"elementor-widget-container\">\n\t\t\t\t\t\t\t\t\t<div class=\"elementor-button-wrapper\">\n\t\t\t\t\t<a class=\"elementor-button elementor-button-link elementor-size-md\" href=\"#elementor-action%3Aaction%3Dpopup%3Aopen%26settings%3DeyJpZCI6MTAxMjksInRvZ2dsZSI6ZmFsc2V9\" id=\"solicitar-cita\">\n\t\t\t\t\t\t<span class=\"elementor-button-content-wrapper\">\n\t\t\t\t\t\t<span class=\"elementor-button-icon\">\n\t\t\t\t<i aria-hidden=\"true\" class=\"fas fa-video\"><\/i>\t\t\t<\/span>\n\t\t\t\t\t\t\t\t\t<span class=\"elementor-button-text\">Request a video consultation<\/span>\n\t\t\t\t\t<\/span>\n\t\t\t\t\t<\/a>\n\t\t\t\t<\/div>\n\t\t\t\t\t\t\t\t<\/div>\n\t\t\t\t<\/div>\n\t\t\t\t\t<\/div>\n\t\t<\/div>\n\t\t\t\t<div class=\"elementor-column elementor-col-50 elementor-top-column elementor-element elementor-element-356cecce\" data-id=\"356cecce\" data-element_type=\"column\" data-e-type=\"column\">\n\t\t\t<div class=\"elementor-widget-wrap elementor-element-populated\">\n\t\t\t\t\t\t<div class=\"elementor-element elementor-element-4cc83361 elementor-widget elementor-widget-image\" data-id=\"4cc83361\" data-element_type=\"widget\" data-e-type=\"widget\" data-widget_type=\"image.default\">\n\t\t\t\t<div class=\"elementor-widget-container\">\n\t\t\t\t\t\t\t\t\t\t\t\t\t\t\t<img  title=\"Improve your hormones\" fetchpriority=\"high\" decoding=\"async\" width=\"800\" height=\"560\" src=\"https:\/\/www.perezdelaromana.com\/wp-content\/uploads\/2020\/03\/Nutricion-mejora-tus-Hormonas.jpg\" class=\"attachment-full size-full wp-image-8632\"  alt=\"Improve your hormones Nutricion-mejora-tus-Hormonas\"  srcset=\"https:\/\/www.perezdelaromana.com\/wp-content\/uploads\/2020\/03\/Nutricion-mejora-tus-Hormonas.jpg 800w, https:\/\/www.perezdelaromana.com\/wp-content\/uploads\/2020\/03\/Nutricion-mejora-tus-Hormonas-300x210.jpg 300w, https:\/\/www.perezdelaromana.com\/wp-content\/uploads\/2020\/03\/Nutricion-mejora-tus-Hormonas-768x538.jpg 768w\" sizes=\"(max-width: 800px) 100vw, 800px\" \/>\t\t\t\t\t\t\t\t\t\t\t\t\t\t\t<\/div>\n\t\t\t\t<\/div>\n\t\t\t\t\t<\/div>\n\t\t<\/div>\n\t\t\t\t\t<\/div>\n\t\t<\/section>\n\t\t\t\t<section class=\"elementor-section elementor-top-section elementor-element elementor-element-45d276e elementor-section-boxed elementor-section-height-default elementor-section-height-default\" data-id=\"45d276e\" data-element_type=\"section\" data-e-type=\"section\">\n\t\t\t\t\t\t<div class=\"elementor-container elementor-column-gap-no\">\n\t\t\t\t\t<div class=\"elementor-column elementor-col-100 elementor-top-column elementor-element elementor-element-c777909\" data-id=\"c777909\" data-element_type=\"column\" data-e-type=\"column\">\n\t\t\t<div class=\"elementor-widget-wrap elementor-element-populated\">\n\t\t\t\t\t\t<div class=\"elementor-element elementor-element-643fbf0 elementor-widget elementor-widget-global elementor-global-579 elementor-widget-spacer\" data-id=\"643fbf0\" data-element_type=\"widget\" data-e-type=\"widget\" data-widget_type=\"spacer.default\">\n\t\t\t\t<div class=\"elementor-widget-container\">\n\t\t\t\t\t\t\t<div class=\"elementor-spacer\">\n\t\t\t<div class=\"elementor-spacer-inner\"><\/div>\n\t\t<\/div>\n\t\t\t\t\t\t<\/div>\n\t\t\t\t<\/div>\n\t\t\t\t\t<\/div>\n\t\t<\/div>\n\t\t\t\t\t<\/div>\n\t\t<\/section>\n\t\t\t\t<section class=\"elementor-section elementor-top-section elementor-element elementor-element-316b5c5 elementor-section-boxed elementor-section-height-default elementor-section-height-default\" data-id=\"316b5c5\" data-element_type=\"section\" data-e-type=\"section\">\n\t\t\t\t\t\t<div class=\"elementor-container elementor-column-gap-default\">\n\t\t\t\t\t<div class=\"elementor-column elementor-col-100 elementor-top-column elementor-element elementor-element-14c421a\" data-id=\"14c421a\" data-element_type=\"column\" data-e-type=\"column\">\n\t\t\t<div class=\"elementor-widget-wrap elementor-element-populated\">\n\t\t\t\t\t\t<div class=\"elementor-element elementor-element-89cb7b5 elementor-widget elementor-widget-text-editor\" data-id=\"89cb7b5\" data-element_type=\"widget\" data-e-type=\"widget\" data-widget_type=\"text-editor.default\">\n\t\t\t\t<div class=\"elementor-widget-container\">\n\t\t\t\t\t\t\t\t\t<h3>Fertility and nutrition.<\/h3><p>Today, unfortunately, there has been a huge increase in the number of couples who want to have children and can not because of major problems in hormones, immunity, failure in implantation, the amount of contaminants, eating habits and a sedentary lifestyle.<\/p><p>To have greater fertility there are many things you can do, to hold finally in your hands a small treasure and a joy of your life.<\/p><p>The feeding system is fundamental for the couple that propose to have children, apart from having right habits of life and the hormonal system in order. When they are correct it will be much easier to conceive.<\/p><p>At the Instituto Perez de la Romana we have a very exhaustive, personalized fertility study organized in detail by professionals who are experts in the field, with which you will be able to achieve the goal you crave. All kinds of tests will be ordered, all the steps that the body needs to get pregnant will be reviewed, and a treatment will be planned to make your dream come true as soon as possible.<\/p><h2>Menopause and Andropause<\/h2><h3>The Menopause<\/h3><p><img  title=\"Improve your hormones\" decoding=\"async\" class=\"wp-image-8636 size-medium alignright\" src=\"https:\/\/www.perezdelaromana.com\/wp-content\/uploads\/2020\/03\/Nutricion-se\u00f1al-300x300.jpg\"  alt=\"Improve your hormones Nutricion-se\u00f1al-300x300\"  width=\"300\" height=\"300\" srcset=\"https:\/\/www.perezdelaromana.com\/wp-content\/uploads\/2020\/03\/Nutricion-se\u00f1al-300x300.jpg 300w, https:\/\/www.perezdelaromana.com\/wp-content\/uploads\/2020\/03\/Nutricion-se\u00f1al-1024x1024.jpg 1024w, https:\/\/www.perezdelaromana.com\/wp-content\/uploads\/2020\/03\/Nutricion-se\u00f1al-150x150.jpg 150w, https:\/\/www.perezdelaromana.com\/wp-content\/uploads\/2020\/03\/Nutricion-se\u00f1al-768x768.jpg 768w, https:\/\/www.perezdelaromana.com\/wp-content\/uploads\/2020\/03\/Nutricion-se\u00f1al-1536x1536.jpg 1536w, https:\/\/www.perezdelaromana.com\/wp-content\/uploads\/2020\/03\/Nutricion-se\u00f1al-2048x2048.jpg 2048w\" sizes=\"(max-width: 300px) 100vw, 300px\" \/><\/p><p>When women reach this stage of life it is important to have the hormonal system in order, because oestrogen help us to have softer and smoother skin and protect us from cardiovascular events. With right nutrition and balanced lifestyle we will have a healthy hormonal system at all stages of life.<\/p><p>In order to have a menopause without disorders, hot flashes and excess abdominal fat we will have to have good habits of life, a hormonal balance, metabolic flexibility and a balanced intestinal flora that will help us to overcome favourably this period of life.<\/p><h3>The Andropause<\/h3><p>Upon the arrival of andropause men begin to have less libido, sexual desire and prostate nd urination problems. Your testosterone levels, dhea and male and female hormones must be in a balance.\u00a0 To do this you must practice sport, change the feeding style to have higher muscle mass content.<\/p><p>\u00a0Oestrogen despite being a hormone that is more related to women, is present in excessive amounts in many men, due to its poor elimination caused by intestinal dysbiosis (problems with intestinal flora) or bad habits in your diet and lifestyle as well as bad detoxification of the liver.<\/p><p>Therefore, it is important to help men to have a healthy andropause and\u00a0 make them feel wonderfully at each stage of life. We can help you to have an enviable libido and delay as much as possible the effects of prostate hyperplasmia as well as to avoid related pathologies.<\/p>\t\t\t\t\t\t\t\t<\/div>\n\t\t\t\t<\/div>\n\t\t\t\t\t<\/div>\n\t\t<\/div>\n\t\t\t\t\t<\/div>\n\t\t<\/section>\n\t\t\t\t<section class=\"elementor-section elementor-top-section elementor-element elementor-element-2ed9162 elementor-section-boxed elementor-section-height-default elementor-section-height-default\" data-id=\"2ed9162\" data-element_type=\"section\" data-e-type=\"section\">\n\t\t\t\t\t\t<div class=\"elementor-container elementor-column-gap-no\">\n\t\t\t\t\t<div class=\"elementor-column elementor-col-100 elementor-top-column elementor-element elementor-element-769f561\" data-id=\"769f561\" data-element_type=\"column\" data-e-type=\"column\">\n\t\t\t<div class=\"elementor-widget-wrap elementor-element-populated\">\n\t\t\t\t\t\t<div class=\"elementor-element elementor-element-61b0447 elementor-widget elementor-widget-global elementor-global-378 elementor-widget-spacer\" data-id=\"61b0447\" data-element_type=\"widget\" data-e-type=\"widget\" data-widget_type=\"spacer.default\">\n\t\t\t\t<div class=\"elementor-widget-container\">\n\t\t\t\t\t\t\t<div class=\"elementor-spacer\">\n\t\t\t<div class=\"elementor-spacer-inner\"><\/div>\n\t\t<\/div>\n\t\t\t\t\t\t<\/div>\n\t\t\t\t<\/div>\n\t\t\t\t\t<\/div>\n\t\t<\/div>\n\t\t\t\t\t<\/div>\n\t\t<\/section>\n\t\t\t\t<section class=\"elementor-section elementor-top-section elementor-element elementor-element-2326d126 elementor-section-boxed elementor-section-height-default elementor-section-height-default\" data-id=\"2326d126\" data-element_type=\"section\" data-e-type=\"section\">\n\t\t\t\t\t\t<div class=\"elementor-container elementor-column-gap-default\">\n\t\t\t\t\t<div class=\"elementor-column elementor-col-100 elementor-top-column elementor-element elementor-element-a02eb18\" data-id=\"a02eb18\" data-element_type=\"column\" data-e-type=\"column\">\n\t\t\t<div class=\"elementor-widget-wrap elementor-element-populated\">\n\t\t\t\t\t\t<div class=\"elementor-element elementor-element-7ddc21b6 elementor-widget elementor-widget-heading\" data-id=\"7ddc21b6\" data-element_type=\"widget\" data-e-type=\"widget\" data-widget_type=\"heading.default\">\n\t\t\t\t<div class=\"elementor-widget-container\">\n\t\t\t\t\t<h2 class=\"elementor-heading-title elementor-size-default\">A MEMBER OF<\/h2>\t\t\t\t<\/div>\n\t\t\t\t<\/div>\n\t\t\t\t<div class=\"elementor-element elementor-element-3ce5e9e7 elementor-widget elementor-widget-spacer\" data-id=\"3ce5e9e7\" data-element_type=\"widget\" data-e-type=\"widget\" data-widget_type=\"spacer.default\">\n\t\t\t\t<div class=\"elementor-widget-container\">\n\t\t\t\t\t\t\t<div class=\"elementor-spacer\">\n\t\t\t<div class=\"elementor-spacer-inner\"><\/div>\n\t\t<\/div>\n\t\t\t\t\t\t<\/div>\n\t\t\t\t<\/div>\n\t\t\t\t\t<\/div>\n\t\t<\/div>\n\t\t\t\t\t<\/div>\n\t\t<\/section>\n\t\t\t\t<section class=\"elementor-section elementor-top-section elementor-element elementor-element-70f308de elementor-section-boxed elementor-section-height-default elementor-section-height-default\" data-id=\"70f308de\" data-element_type=\"section\" data-e-type=\"section\">\n\t\t\t\t\t\t<div class=\"elementor-container elementor-column-gap-default\">\n\t\t\t\t\t<div class=\"elementor-column elementor-col-100 elementor-top-column elementor-element elementor-element-5cf04d6a\" data-id=\"5cf04d6a\" data-element_type=\"column\" data-e-type=\"column\">\n\t\t\t<div class=\"elementor-widget-wrap elementor-element-populated\">\n\t\t\t\t\t\t<div class=\"elementor-element elementor-element-56cd831b carousel-socios elementor-skin-carousel elementor-widget elementor-widget-global elementor-global-515 elementor-widget-media-carousel\" data-id=\"56cd831b\" data-element_type=\"widget\" data-e-type=\"widget\" data-settings=\"{&quot;slides_per_view&quot;:&quot;6&quot;,&quot;slides_per_view_tablet&quot;:&quot;4&quot;,&quot;slides_per_view_mobile&quot;:&quot;2&quot;,&quot;slides_to_scroll&quot;:&quot;1&quot;,&quot;skin&quot;:&quot;carousel&quot;,&quot;effect&quot;:&quot;slide&quot;,&quot;speed&quot;:500,&quot;loop&quot;:&quot;yes&quot;,&quot;space_between&quot;:{&quot;unit&quot;:&quot;px&quot;,&quot;size&quot;:10,&quot;sizes&quot;:[]},&quot;space_between_tablet&quot;:{&quot;unit&quot;:&quot;px&quot;,&quot;size&quot;:10,&quot;sizes&quot;:[]},&quot;space_between_mobile&quot;:{&quot;unit&quot;:&quot;px&quot;,&quot;size&quot;:10,&quot;sizes&quot;:[]}}\" data-widget_type=\"media-carousel.default\">\n\t\t\t\t<div class=\"elementor-widget-container\">\n\t\t\t\t\t\t\t\t\t<div class=\"elementor-swiper\">\n\t\t\t\t\t<div class=\"elementor-main-swiper swiper\" role=\"region\" aria-roledescription=\"carousel\" aria-label=\"Slides\">\n\t\t\t\t<div class=\"swiper-wrapper\">\n\t\t\t\t\t\t\t\t\t\t\t<div class=\"swiper-slide\" role=\"group\" aria-roledescription=\"slide\">\n\t\t\t\t\t\t\t<a href=\"https:\/\/secpre.org\/ficha_medico\/413\/nombre\/vacio\/PEREZ%20DE%20LA%20ROMANA\" target=\"_blank\">\t\t<div class=\"elementor-carousel-image\" role=\"img\" aria-label=\"https:\/\/secpre.org\/ficha_medico\/413\/provincia\/03\/Alicante\" style=\"background-image: url(&#039;https:\/\/www.perezdelaromana.com\/wp-content\/uploads\/2023\/05\/Diseno-sin-titulo-7.png&#039;)\">\n\n\t\t\t\n\t\t\t\t\t<\/div>\n\t\t<\/a>\t\t\t\t\t\t<\/div>\n\t\t\t\t\t\t\t\t\t\t\t<div class=\"swiper-slide\" role=\"group\" aria-roledescription=\"slide\">\n\t\t\t\t\t\t\t<a href=\"https:\/\/aecep.es\/cirujano\/fperez\/\" target=\"_blank\">\t\t<div class=\"elementor-carousel-image\" role=\"img\" aria-label=\"https:\/\/aecep.es\/cirujano\/fperez\/\" style=\"background-image: url(&#039;https:\/\/www.perezdelaromana.com\/wp-content\/uploads\/2023\/05\/descarga-4-e1684488297137.png&#039;)\">\n\n\t\t\t\n\t\t\t\t\t<\/div>\n\t\t<\/a>\t\t\t\t\t\t<\/div>\n\t\t\t\t\t\t\t\t\t\t\t<div class=\"swiper-slide\" role=\"group\" aria-roledescription=\"slide\">\n\t\t\t\t\t\t\t<a href=\"https:\/\/find.plasticsurgery.org\/?member=federico+perez+de+la+romana\" target=\"_blank\">\t\t<div class=\"elementor-carousel-image\" role=\"img\" aria-label=\"american society plastic surgery\" style=\"background-image: url(&#039;https:\/\/www.perezdelaromana.com\/wp-content\/uploads\/2019\/02\/american-society-plastic-surgery.gif&#039;)\">\n\n\t\t\t\n\t\t\t\t\t<\/div>\n\t\t<\/a>\t\t\t\t\t\t<\/div>\n\t\t\t\t\t\t\t\t\t\t\t<div class=\"swiper-slide\" role=\"group\" aria-roledescription=\"slide\">\n\t\t\t\t\t\t\t<a href=\"#\" target=\"_blank\">\t\t<div class=\"elementor-carousel-image\" role=\"img\" aria-label=\"isaps\" style=\"background-image: url(&#039;https:\/\/www.perezdelaromana.com\/wp-content\/uploads\/2020\/06\/isaps.png&#039;)\">\n\n\t\t\t\n\t\t\t\t\t<\/div>\n\t\t<\/a>\t\t\t\t\t\t<\/div>\n\t\t\t\t\t\t\t\t\t\t\t<div class=\"swiper-slide\" role=\"group\" aria-roledescription=\"slide\">\n\t\t\t\t\t\t\t<a href=\"https:\/\/www.theaestheticsociety.org\/select-surgeon\/f-perez-de-la-romana-md\" target=\"_blank\">\t\t<div class=\"elementor-carousel-image\" role=\"img\" aria-label=\"https:\/\/www.theaestheticsociety.org\/select-surgeon\/f-perez-de-la-romana-md\" style=\"background-image: url(&#039;https:\/\/www.perezdelaromana.com\/wp-content\/uploads\/2023\/05\/logo-1.svg&#039;)\">\n\n\t\t\t\n\t\t\t\t\t<\/div>\n\t\t<\/a>\t\t\t\t\t\t<\/div>\n\t\t\t\t\t\t\t\t\t\t\t<div class=\"swiper-slide\" role=\"group\" aria-roledescription=\"slide\">\n\t\t\t\t\t\t\t<a href=\"http:\/\/www.rhinoplastysociety.eu\/\" target=\"_blank\">\t\t<div class=\"elementor-carousel-image\" role=\"img\" aria-label=\"sociedad europea rinoplastia\" style=\"background-image: url(&#039;https:\/\/www.perezdelaromana.com\/wp-content\/uploads\/2019\/02\/sociedad-europea-rinoplastia.jpg&#039;)\">\n\n\t\t\t\n\t\t\t\t\t<\/div>\n\t\t<\/a>\t\t\t\t\t\t<\/div>\n\t\t\t\t\t\t\t\t\t<\/div>\n\t\t\t\t\t\t\t\t\t\t\t\t\t\t\t\t\t\t\t\t\t<\/div>\n\t\t\t\t<\/div>\n\t\t\t\t\t\t\t\t<\/div>\n\t\t\t\t<\/div>\n\t\t\t\t\t<\/div>\n\t\t<\/div>\n\t\t\t\t\t<\/div>\n\t\t<\/section>\n\t\t\t\t<\/div>\n\t\t","protected":false},"excerpt":{"rendered":"<p>Request appointment Request a video consultation Fertility and nutrition. Today, unfortunately, there has been a huge increase in the number of couples who want to have children and can not because of major problems in hormones, immunity, failure in implantation, the amount of contaminants, eating habits and a sedentary lifestyle. To have greater fertility there [&hellip;]<\/p>\n","protected":false},"author":3,"featured_media":8632,"parent":0,"menu_order":0,"comment_status":"closed","ping_status":"closed","template":"elementor_header_footer","meta":{"footnotes":""},"class_list":["post-7794","page","type-page","status-publish","has-post-thumbnail","hentry"],"yoast_head":"<!-- This site is optimized with the Yoast SEO plugin v27.3 - https:\/\/yoast.com\/product\/yoast-seo-wordpress\/ -->\n<title>Improve your hormones - Instituto P\u00e9rez de la Romana<\/title>\n<meta name=\"robots\" content=\"index, follow, max-snippet:-1, max-image-preview:large, max-video-preview:-1\" \/>\n<link rel=\"canonical\" href=\"https:\/\/www.perezdelaromana.com\/en\/improve-your-hormones\/\" \/>\n<meta property=\"og:locale\" content=\"en_GB\" \/>\n<meta property=\"og:type\" content=\"article\" \/>\n<meta property=\"og:title\" content=\"Improve your hormones - Instituto P\u00e9rez de la Romana\" \/>\n<meta property=\"og:description\" content=\"Request appointment Request a video consultation Fertility and nutrition. Today, unfortunately, there has been a huge increase in the number of couples who want to have children and can not because of major problems in hormones, immunity, failure in implantation, the amount of contaminants, eating habits and a sedentary lifestyle. To have greater fertility there [&hellip;]\" \/>\n<meta property=\"og:url\" content=\"https:\/\/www.perezdelaromana.com\/en\/improve-your-hormones\/\" \/>\n<meta property=\"og:site_name\" content=\"Instituto P\u00e9rez de la Romana\" \/>\n<meta property=\"article:publisher\" content=\"https:\/\/www.facebook.com\/InstitutocirugiaPerezdelaRomana\/\" \/>\n<meta property=\"article:modified_time\" content=\"2020-05-04T09:45:32+00:00\" \/>\n<meta property=\"og:image\" content=\"https:\/\/www.perezdelaromana.com\/wp-content\/uploads\/2020\/03\/Nutricion-mejora-tus-Hormonas.jpg\" \/>\n\t<meta property=\"og:image:width\" content=\"800\" \/>\n\t<meta property=\"og:image:height\" content=\"560\" \/>\n\t<meta property=\"og:image:type\" content=\"image\/jpeg\" \/>\n<meta name=\"twitter:card\" content=\"summary_large_image\" \/>\n<!-- \/ Yoast SEO plugin. -->","yoast_head_json":{"title":"Improve your hormones - Instituto P\u00e9rez de la Romana","robots":{"index":"index","follow":"follow","max-snippet":"max-snippet:-1","max-image-preview":"max-image-preview:large","max-video-preview":"max-video-preview:-1"},"canonical":"https:\/\/www.perezdelaromana.com\/en\/improve-your-hormones\/","og_locale":"en_GB","og_type":"article","og_title":"Improve your hormones - Instituto P\u00e9rez de la Romana","og_description":"Request appointment Request a video consultation Fertility and nutrition. Today, unfortunately, there has been a huge increase in the number of couples who want to have children and can not because of major problems in hormones, immunity, failure in implantation, the amount of contaminants, eating habits and a sedentary lifestyle. To have greater fertility there [&hellip;]","og_url":"https:\/\/www.perezdelaromana.com\/en\/improve-your-hormones\/","og_site_name":"Instituto P\u00e9rez de la Romana","article_publisher":"https:\/\/www.facebook.com\/InstitutocirugiaPerezdelaRomana\/","article_modified_time":"2020-05-04T09:45:32+00:00","og_image":[{"width":800,"height":560,"url":"https:\/\/www.perezdelaromana.com\/wp-content\/uploads\/2020\/03\/Nutricion-mejora-tus-Hormonas.jpg","type":"image\/jpeg"}],"twitter_card":"summary_large_image","schema":{"@context":"https:\/\/schema.org","@graph":[{"@type":"WebPage","@id":"https:\/\/www.perezdelaromana.com\/en\/improve-your-hormones\/","url":"https:\/\/www.perezdelaromana.com\/en\/improve-your-hormones\/","name":"Improve your hormones - Instituto P\u00e9rez de la Romana","isPartOf":{"@id":"https:\/\/www.perezdelaromana.com\/#website"},"primaryImageOfPage":{"@id":"https:\/\/www.perezdelaromana.com\/en\/improve-your-hormones\/#primaryimage"},"image":{"@id":"https:\/\/www.perezdelaromana.com\/en\/improve-your-hormones\/#primaryimage"},"thumbnailUrl":"https:\/\/www.perezdelaromana.com\/wp-content\/uploads\/2020\/03\/Nutricion-mejora-tus-Hormonas.jpg","datePublished":"2020-02-18T12:26:52+00:00","dateModified":"2020-05-04T09:45:32+00:00","breadcrumb":{"@id":"https:\/\/www.perezdelaromana.com\/en\/improve-your-hormones\/#breadcrumb"},"inLanguage":"en-GB","potentialAction":[{"@type":"ReadAction","target":["https:\/\/www.perezdelaromana.com\/en\/improve-your-hormones\/"]}]},{"@type":"ImageObject","inLanguage":"en-GB","@id":"https:\/\/www.perezdelaromana.com\/en\/improve-your-hormones\/#primaryimage","url":"https:\/\/www.perezdelaromana.com\/wp-content\/uploads\/2020\/03\/Nutricion-mejora-tus-Hormonas.jpg","contentUrl":"https:\/\/www.perezdelaromana.com\/wp-content\/uploads\/2020\/03\/Nutricion-mejora-tus-Hormonas.jpg","width":800,"height":560,"caption":"Nutricion mejora tus Hormonas"},{"@type":"BreadcrumbList","@id":"https:\/\/www.perezdelaromana.com\/en\/improve-your-hormones\/#breadcrumb","itemListElement":[{"@type":"ListItem","position":1,"name":"Portada","item":"https:\/\/www.perezdelaromana.com\/en\/"},{"@type":"ListItem","position":2,"name":"Improve your hormones"}]},{"@type":"WebSite","@id":"https:\/\/www.perezdelaromana.com\/#website","url":"https:\/\/www.perezdelaromana.com\/","name":"Instituto P\u00e9rez de la Romana","description":"Cirug\u00eda Pl\u00e1stica, Est\u00e9tica y Reconstructora","publisher":{"@id":"https:\/\/www.perezdelaromana.com\/#organization"},"potentialAction":[{"@type":"SearchAction","target":{"@type":"EntryPoint","urlTemplate":"https:\/\/www.perezdelaromana.com\/?s={search_term_string}"},"query-input":{"@type":"PropertyValueSpecification","valueRequired":true,"valueName":"search_term_string"}}],"inLanguage":"en-GB"},{"@type":"Organization","@id":"https:\/\/www.perezdelaromana.com\/#organization","name":"Instituto P\u00e9rez de la Romana","url":"https:\/\/www.perezdelaromana.com\/","logo":{"@type":"ImageObject","inLanguage":"en-GB","@id":"https:\/\/www.perezdelaromana.com\/#\/schema\/logo\/image\/","url":"https:\/\/www.perezdelaromana.com\/wp-content\/uploads\/2020\/05\/cropped-perezdelaromana-logo.png","contentUrl":"https:\/\/www.perezdelaromana.com\/wp-content\/uploads\/2020\/05\/cropped-perezdelaromana-logo.png","width":373,"height":59,"caption":"Instituto P\u00e9rez de la Romana"},"image":{"@id":"https:\/\/www.perezdelaromana.com\/#\/schema\/logo\/image\/"},"sameAs":["https:\/\/www.facebook.com\/InstitutocirugiaPerezdelaRomana\/","https:\/\/www.instagram.com\/PerezdelaRomana\/","https:\/\/www.linkedin.com\/in\/federico-perez-de-la-romana\/","https:\/\/www.youtube.com\/channel\/UC1FM8K8cxRZhzQu_0F44MLg"]}]}},"_links":{"self":[{"href":"https:\/\/www.perezdelaromana.com\/en\/wp-json\/wp\/v2\/pages\/7794","targetHints":{"allow":["GET"]}}],"collection":[{"href":"https:\/\/www.perezdelaromana.com\/en\/wp-json\/wp\/v2\/pages"}],"about":[{"href":"https:\/\/www.perezdelaromana.com\/en\/wp-json\/wp\/v2\/types\/page"}],"author":[{"embeddable":true,"href":"https:\/\/www.perezdelaromana.com\/en\/wp-json\/wp\/v2\/users\/3"}],"replies":[{"embeddable":true,"href":"https:\/\/www.perezdelaromana.com\/en\/wp-json\/wp\/v2\/comments?post=7794"}],"version-history":[{"count":0,"href":"https:\/\/www.perezdelaromana.com\/en\/wp-json\/wp\/v2\/pages\/7794\/revisions"}],"wp:featuredmedia":[{"embeddable":true,"href":"https:\/\/www.perezdelaromana.com\/en\/wp-json\/wp\/v2\/media\/8632"}],"wp:attachment":[{"href":"https:\/\/www.perezdelaromana.com\/en\/wp-json\/wp\/v2\/media?parent=7794"}],"curies":[{"name":"wp","href":"https:\/\/api.w.org\/{rel}","templated":true}]}}